{"id":265,"date":"2022-02-03T17:12:03","date_gmt":"2022-02-03T17:12:03","guid":{"rendered":"https:\/\/speedcars4rent.ch\/wordpress\/?page_id=265"},"modified":"2022-02-03T17:12:03","modified_gmt":"2022-02-03T17:12:03","slug":"allgemeine-geschaeftsbedingungen-von-speedcars4rent-03-02-2022","status":"publish","type":"page","link":"https:\/\/speedcars4rent.ch\/wordpress\/index.php\/allgemeine-geschaeftsbedingungen-von-speedcars4rent-03-02-2022\/","title":{"rendered":"Allgemeine Gesch\u00e4ftsbedingungen von SpeedCars4Rent 03.02.2022"},"content":{"rendered":"\n<h4 class=\"wp-block-heading\" id=\"allgemein\">Allgemein<\/h4>\n\n\n\n<p>Ein Vertragsabschluss erfolgt per Email oder bei schriftlicher Unterzeichnung des Vertrags. Durch einen solchen Vertragsabschluss anerkennt der Mieter die Bestimmungen dieser AGBs. M\u00fcndliche Vereinbarungen sind unzul\u00e4ssig.<\/p>\n\n\n\n<h4 class=\"wp-block-heading\" id=\"berechtigte-vertragspartner\">Berechtigte Vertragspartner<\/h4>\n\n\n\n<p>Der Mieter muss mindestens 25 Jahre alt sein. Diese Regel kann durch die SpeedCars4Rent aufgehoben werden.<\/p>\n\n\n\n<p>Der Kunde muss im Besitz eines g\u00fcltigen Schweizer F\u00fchrerausweises (Deutschland oder \u00d6sterreich wird auch akzeptiert) sein und diesen bei Mietbeginn vorweisen.<\/p>\n\n\n\n<p>Das Fahrzeug darf nur von der Person gelenkt werden, die den Vertrag unterzeichnet hat.<\/p>\n\n\n\n<p>Auslandsfahrten sind ohne Genehmigung des Vermieters nicht erlaubt. Eine Genehmigung kann vorab per Kontaktformular oder Email angefragt werden. Bei einem Diebstahl oder Totalschaden im Ausland werden 25% vom Fahrzeugwert dem Mieter verrechnet.<\/p>\n\n\n\n<h4 class=\"wp-block-heading\" id=\"kaution-und-selbstbehalt\">Kaution und Selbstbehalt<\/h4>\n\n\n\n<p>Vor der \u00dcbergabe des Fahrzeuges ist eine Kaution von CHF 500.- zu hinterlegen. Bei bewilligten Auslandsfahrten erh\u00f6ht sich die Kaution auf CHF 1\u2019500.-.<\/p>\n\n\n\n<p>Der Selbstbehalt im Schadensfall betr\u00e4gt f\u00fcr alle Fahrzeuge von SpeedCars4Rent CHF 4&#8217;000.-, bei Lenkern unter 25 Jahren CHF 6&#8217;500.-<\/p>\n\n\n\n<p>Allf\u00e4llige Mehrkosten werden immer mit der Kaution verrechnet. Falls diese nicht ausreichend ist, muss der Restbetrag sofort beglichen werden.<\/p>\n\n\n\n<h4 class=\"wp-block-heading\" id=\"mietzins\">Mietzins<\/h4>\n\n\n\n<p>Der Mietzins ist im Voraus zu entrichten. Das Fahrzeug gilt erst ab diesem Zeitpunkt als reserviert.<\/p>\n\n\n\n<p>Gutscheine werden nicht in bar zur\u00fcckerstattet. Nicht gefahrene, inbegriffene KM k\u00f6nnen ebenfalls nicht zur\u00fcckerstattet werden!<\/p>\n\n\n\n<p>Terminverschiebungen sind bis 48 Stunden vor Fahrantritt m\u00f6glich und kostenfrei.<\/p>\n\n\n\n<p>Stornos sind ebenfalls bis 48 Stunden vor Fahrantritt m\u00f6glich, wobei Umtriebskosten von 15% des Mietpreises erhoben werden. Falls 15% des Mietpreises weniger als CHF 200.- ergeben, werden pauschal CHF 200.- verrechnet.<\/p>\n\n\n\n<p>Bei sp\u00e4teren Absagen, Verschiebungen oder nicht Erscheinen besteht kein Anspruch auf R\u00fcckerstattung des Mietpreises.<\/p>\n\n\n\n<h4 class=\"wp-block-heading\" id=\"ubergabe-des-mitfahrzeuges\">\u00dcbergabe des Mitfahrzeuges<\/h4>\n\n\n\n<p>Je nach Verf\u00fcgbarkeit der Mitarbeiter entscheidet SpeedCars4Rent, an welchem der beiden Standorte (Landquart oder Chur) das Fahrzeug \u00fcbergeben wird. In der Regel wird dies Landquart sein. Falls m\u00f6glich, versuchen wir Kundenw\u00fcnsche zu ber\u00fccksichtigen. Gegen Aufpreis ist auch eine \u00dcbergabe an einem anderen Ort m\u00f6glich.<\/p>\n\n\n\n<p>Vor Mietantritt wird der KM Stand festgehalten und der Wagen vollgetankt.<\/p>\n\n\n\n<p>W\u00e4hrend der Mietdauer steht ein kostenloser Parkplatz in Landquart f\u00fcr das Fahrzeug des Mieters zur Verf\u00fcgung.<\/p>\n\n\n\n<p>Das Mietfahrzeug befindet sich in gutem \u00e4usseren und in betriebssicheren Zustand und ist frei von Sch\u00e4den. Kleinere Kratzer oder Lacksch\u00e4den werden im Vertrag festgehalten.<\/p>\n\n\n\n<p>Steht das reservierte Fahrzeug zum vereinbarten \u00dcbergabetermin nicht zur Verf\u00fcgung (z.B. wegen versp\u00e4teter Fahrzeugr\u00fcckgabe, Panne, Unfall, Stau), kann der Mieter<\/p>\n\n\n\n<ul class=\"wp-block-list\"><li>ein anderes Fahrzeug w\u00e4hlen (falls g\u00fcnstiger, wird ihm die Preisdifferenz zur\u00fcckerstattet, falls teurer, muss der Mieter die Preisdifferenz unmittelbar nach Mietende begleichen)<\/li><li>einen neuen Termin festlegen<\/li><li>vom Vertrag zur\u00fccktreten (voller Mietpreis wird zur\u00fcckerstattet)<\/li><\/ul>\n\n\n\n<p>Vom Kunden k\u00f6nnen in einem solchen Fall keine weiteren Anspr\u00fcche geltend gemacht werden.<\/p>\n\n\n\n<p>Der Kunde muss in fahrt\u00fcchtigem Zustand sein. Trifft dies nicht zu (zum Beispiel durch Krankheit, Trunkenheit oder Drogenkonsum), beh\u00e4lt sich SpeedCars4Rent das Recht vor, unmittelbar vor der \u00dcbergabe vom Vertrag zur\u00fcck zu treten. Das Gleiche gilt bei gef\u00e4hrlichen Strassenverh\u00e4ltnissen (Starke Regeng\u00fcsse, Schnee oder Eis). In diesem Fall wird dem Kunden der volle Mietbetrag zur\u00fcckerstattet. Auf eine zus\u00e4tzliche Entsch\u00e4digung hat der Mieter keinen Anspruch.<\/p>\n\n\n\n<h4 class=\"wp-block-heading\" id=\"fahrzeugpflege\">Fahrzeugpflege<\/h4>\n\n\n\n<p>Das Fahrzeug wird dem Mieter mit gereinigtem Innenraum \u00fcbergeben und ist im selben Zustand wieder zur\u00fcckzubringen. Rauchen im Auto ist untersagt und wird pauschal mit CHF 500.- geb\u00fcsst. Reinigungskosten f\u00fcr einen \u00fcberm\u00e4ssig verschmutzten Innenraum werden nach Aufwand mit der Kaution verrechnet. Diese wird zur\u00fcckbehalten, bis die Kosten gekl\u00e4rt sind (in der Regel innert 2 Arbeitstagen).<\/p>\n\n\n\n<p>Das Fahrzeug darf nicht in die Waschanlage und es d\u00fcrfen keine Teile montiert oder demontiert werden.<\/p>\n\n\n\n<p>Sollte im Fahrzeug eine Kontrolllampe aufleuchten oder eine Warnanzeige im Display erscheinen, muss SpeedCars4Rent umgehend dar\u00fcber in Kenntnis gesetzt werden.<\/p>\n\n\n\n<h4 class=\"wp-block-heading\" id=\"elektrofahrzeug\">Elektrofahrzeug<\/h4>\n\n\n\n<p>Die Kosten f\u00fcr einen Abschleppdienst infolge eines komplett entladenen Akkus gehen zu Lasten des Mieters.<\/p>\n\n\n\n<p>Das Elektroauto darf auf keinen Fall vom Abschleppdienst gezogen werden, sondern muss auf einem Fahrzeug oder Anh\u00e4nger transportiert werden. F\u00fcr Sch\u00e4den durch unsachgem\u00e4sses Abschleppen haftet der Mieter. Die Kosten sind von diesem direkt zu begleichen.<\/p>\n\n\n\n<h4 class=\"wp-block-heading\" id=\"verwendung\">Verwendung<\/h4>\n\n\n\n<p>Als Treibstoff ist nur Bleifrei 98 zul\u00e4ssig und die Kosten sind vom Kunden zu tragen. Sch\u00e4den am Fahrzeug infolge Falschtankens gehen zu Lasten des Mieters.<\/p>\n\n\n\n<p>Die Regeln der Stra\u00dfenverkehrsordnung sind einzuhalten. Geldbussen bzw. Strafen w\u00e4hrend der Mietdauer sind ausschliesslich vom Mieter zu begleichen.<\/p>\n\n\n\n<p>Das Fahrzeug darf nicht abseits befestigter Stra\u00dfen, im freien Gel\u00e4nde, auf Rennstrecken, zu Fahrschul\u00fcbungen jeglicher Art oder zu motorsportlichen Zwecken verwendet werden. Dadurch entstandene Sch\u00e4den sind von der Versicherung nicht gedeckt. Solche Reparaturkosten m\u00fcssen vollumf\u00e4nglich vom Mieter beglichen werden.<\/p>\n\n\n\n<p>Das Abstellen in seitlich engen Parkpl\u00e4tzen sollte wegen m\u00f6glichen Sch\u00e4den durch T\u00fcr \u00f6ffnen vermieden werden. Entstehen dadurch Sch\u00e4den am Fahrzeug, werde diese dem Mieter in Rechnung gestellt.<\/p>\n\n\n\n<p>Die Nutzung einer Tief- oder Parkgarage ist strengstens untersagt. Sch\u00e4den durch Zuwiderhandlung werden dem Kunden vollumf\u00e4nglich verrechnet.<\/p>\n\n\n\n<h4 class=\"wp-block-heading\" id=\"grobfahrlassige-verwendung\">Grobfahrl\u00e4ssige Verwendung<\/h4>\n\n\n\n<p>Folgendes Verhalten wird unter anderem als grobfahrl\u00e4ssig eingestuft:<\/p>\n\n\n\n<ul class=\"wp-block-list\"><li>Nichtbeachten der Strassenverkehrsordnung<\/li><li>Raserdelikte, \u00fcberh\u00f6hte oder nicht den Verh\u00e4ltnissen angepasste Geschwindigkeit<\/li><li>Fahren unter Einfluss von Drogen oder Alkohol<\/li><li>Benutzung des Handys w\u00e4hrend der Fahrt oder andere Ablenkungen<\/li><li>Zu nahes Auffahren<\/li><li>\u00dcberm\u00e4ssige Abnutzung der Bremsen, Reifen, Kupplung etc. sowie \u00dcberhitzung der Bremsen<\/li><li>Sch\u00e4den am Fahrzeug durch \u00dcberdrehung des Motors, Verschalten, Kavalierstarts oder jeglicher Art der Fehlmanipulation<\/li><\/ul>\n\n\n\n<p>Bei Verdacht auf ein solches Verhalten beh\u00e4lt sich SpeedCars4Rent das Recht vor, nachtr\u00e4glich das Fahrzeug analysieren zu lassen. Sollten dadurch Sch\u00e4den aufgedeckt werden, m\u00fcssen die Kosten f\u00fcr die Analyse sowie Reparatur vollumf\u00e4nglichen durch den Mieter beglichen werden.<\/p>\n\n\n\n<h4 class=\"wp-block-heading\" id=\"reparaturen-pannen\">Reparaturen \/ Pannen<\/h4>\n\n\n\n<p>Reparaturen d\u00fcrfen nur mit dem Einverst\u00e4ndnis des Vermieters durch offizielle Markenvertreter durchgef\u00fchrt werden. L\u00e4sst der Mieter Reparaturen von anderen Personen ausf\u00fchren, tr\u00e4gt er die Kosten selber. Zudem l\u00e4sst SpeedCars4Rent die Arbeiten von seiner Vertrauensgarage \u00fcberpr\u00fcfen und verrechnet n\u00f6tige Korrekturarbeiten dem Mieter.<\/p>\n\n\n\n<p>Es darf nur der im Vertrag erw\u00e4hnte Pannendienst genutzt werden. Kontaktiert der Mieter einen anderen Pannendienst ohne Einwilligung von SpeedCars4Rent, gehen die Kosten zu Lasten des Mieters.<\/p>\n\n\n\n<p>Der Mieter kann keine Kosten f\u00fcr Ersatzfahrzeuge oder andere Umtriebe geltend machen.<\/p>\n\n\n\n<h4 class=\"wp-block-heading\" id=\"unfall-und-andere-schadenfalle\">Unfall und andere Schadenf\u00e4lle<\/h4>\n\n\n\n<p>Alle Schadensf\u00e4lle (Unfall, Brand, Diebstahl, Wildschaden usw.) sind unverz\u00fcglich dem Vermieter und der Polizei zu melden. Der Selbstbehalt f\u00fcr Mietfahrzeuge betr\u00e4gt CHF 5&#8217;000.- pro Schadensfall.<\/p>\n\n\n\n<p>Pflichten des Mieters bei einem Unfall<\/p>\n\n\n\n<ul class=\"wp-block-list\"><li>augenblicklich die Polizei hinzuziehen und vor Ort durch diese eine Unfallaufnahme erstellen lassen<\/li><li>den Vermieter umgehend telefonisch \u00fcber den Unfall in Kenntnis setzen<\/li><li>so bald als m\u00f6glich den Unfallrapport der Polizei an den Vermieter \u00fcbermitteln<\/li><\/ul>\n\n\n\n<p>Bei R\u00fcckgabe des Mietfahrzeuges muss der Mieter ohne Aufforderung alle Sch\u00e4den und St\u00f6rungen angeben. Dies gilt auch f\u00fcr zwischenzeitlich schon behobene Sch\u00e4den.<\/p>\n\n\n\n<p>F\u00fcr vom Vermieter unbemerkte oder vom Mieter verheimlichte Sch\u00e4den am Mitfahrzeug kann SpeedCars4Rent den Mieter nachtr\u00e4glich haftbar machen. Zudem werden Umtriebskosten von CHF 500.- erhoben.<\/p>\n\n\n\n<h4 class=\"wp-block-heading\" id=\"ruckgabe\">R\u00fcckgabe<\/h4>\n\n\n\n<p>Das Fahrzeug muss vollgetankt zur\u00fcckgebracht werden.<\/p>\n\n\n\n<p>Der Mieter verpflichtet sich, das Mietfahrzeug sp\u00e4testens zum vereinbarten Zeitpunkt und Ort in einwandfreiem Zustand zur\u00fcck zu geben. Es ist darauf zu achten, dass nichts aus dem Fahrzeug entwendet wurde.<\/p>\n\n\n\n<p>Wird das Fahrzeug zu sp\u00e4t zur\u00fcckgebracht, hat der Mieter f\u00fcr alle daraus entstehenden Massnahmen aufzukommen und tr\u00e4gt s\u00e4mtliche daraus entstehenden Kosten. Zudem wird ihm jede angebrochene Stunde als Mietdauer verrechnet.<\/p>\n\n\n\n<h4 class=\"wp-block-heading\" id=\"sonstiges\">Sonstiges<\/h4>\n\n\n\n<p>Diese vorliegenden AGB\u2019s mit all ihren Bestandteilen k\u00f6nnen durch SpeedCars4Rent jederzeit angepasst werden. \u00dcber allf\u00e4llige \u00c4nderungen der AGB wird der Mieter informiert.<\/p>\n\n\n\n<p>Bei Verletzung dieses Vertrages entscheidet der Gerichtsstand, wer die Kosten zu tragen hat.<\/p>\n\n\n\n<p>Gerichtsstand f\u00fcr alle Streitigkeiten aus diesem Vertrag ist das Regionalgericht Landquart.<\/p>\n\n\n\n<p>Sollte eine Bestimmung dieses Vertrages unwirksam sein, wird die Wirksamkeit der \u00fcbrigen Bestimmungen davon nicht ber\u00fchrt. Die Parteien verpflichten sich, anstelle der unwirksamen Bestimmung eine dieser Bestimmung m\u00f6glichst nahekommende wirksame Regelung zu treffen.<\/p>\n","protected":false},"excerpt":{"rendered":"<p>Allgemein Ein Vertragsabschluss erfolgt per Email oder bei schriftlicher Unterzeichnung des Vertrags. Durch einen solchen Vertragsabschluss anerkennt der Mieter die Bestimmungen dieser AGBs. M\u00fcndliche Vereinbarungen sind unzul\u00e4ssig. Berechtigte Vertragspartner Der Mieter muss mindestens 25 Jahre alt sein. Diese Regel kann durch die SpeedCars4Rent aufgehoben werden. Der Kunde muss im Besitz eines g\u00fcltigen Schweizer F\u00fchrerausweises (Deutschland &hellip; <\/p>\n<p class=\"link-more\"><a href=\"https:\/\/speedcars4rent.ch\/wordpress\/index.php\/allgemeine-geschaeftsbedingungen-von-speedcars4rent-03-02-2022\/\" class=\"more-link\"><span class=\"screen-reader-text\">\u201eAllgemeine Gesch\u00e4ftsbedingungen von SpeedCars4Rent 03.02.2022\u201c<\/span> weiterlesen<\/a><\/p>\n","protected":false},"author":1,"featured_media":0,"parent":0,"menu_order":0,"comment_status":"closed","ping_status":"closed","template":"","meta":{"_eb_attr":"","footnotes":""},"class_list":["post-265","page","type-page","status-publish","hentry"],"_links":{"self":[{"href":"https:\/\/speedcars4rent.ch\/wordpress\/index.php\/wp-json\/wp\/v2\/pages\/265","targetHints":{"allow":["GET"]}}],"collection":[{"href":"https:\/\/speedcars4rent.ch\/wordpress\/index.php\/wp-json\/wp\/v2\/pages"}],"about":[{"href":"https:\/\/speedcars4rent.ch\/wordpress\/index.php\/wp-json\/wp\/v2\/types\/page"}],"author":[{"embeddable":true,"href":"https:\/\/speedcars4rent.ch\/wordpress\/index.php\/wp-json\/wp\/v2\/users\/1"}],"replies":[{"embeddable":true,"href":"https:\/\/speedcars4rent.ch\/wordpress\/index.php\/wp-json\/wp\/v2\/comments?post=265"}],"version-history":[{"count":1,"href":"https:\/\/speedcars4rent.ch\/wordpress\/index.php\/wp-json\/wp\/v2\/pages\/265\/revisions"}],"predecessor-version":[{"id":267,"href":"https:\/\/speedcars4rent.ch\/wordpress\/index.php\/wp-json\/wp\/v2\/pages\/265\/revisions\/267"}],"wp:attachment":[{"href":"https:\/\/speedcars4rent.ch\/wordpress\/index.php\/wp-json\/wp\/v2\/media?parent=265"}],"curies":[{"name":"wp","href":"https:\/\/api.w.org\/{rel}","templated":true}]}}