{"id":296,"date":"2022-02-04T17:32:06","date_gmt":"2022-02-04T17:32:06","guid":{"rendered":"https:\/\/speedcars4rent.ch\/wordpress\/?page_id=296"},"modified":"2022-02-04T18:01:00","modified_gmt":"2022-02-04T18:01:00","slug":"unsere-preisstrategie","status":"publish","type":"page","link":"https:\/\/speedcars4rent.ch\/wordpress\/index.php\/unsere-preisstrategie\/","title":{"rendered":"Unsere Preisstrategie"},"content":{"rendered":"\n<p class=\"has-text-align-center\">Wir berechnen den Preis ihren Bed\u00fcrfnissen entsprechend. So kann ein Fahrzeug f\u00fcr einen ganzen Tag nicht viel mehr oder sogar weniger kosten als f\u00fcr z.B. 6h mit unbeschr\u00e4nkten Kilometern.<\/p>\n\n\n\n<div class=\"wp-block-columns is-layout-flex wp-container-core-columns-is-layout-9d6595d7 wp-block-columns-is-layout-flex\">\n<div class=\"wp-block-column is-layout-flow wp-block-column-is-layout-flow\">\n<figure class=\"wp-block-image size-full\"><img fetchpriority=\"high\" decoding=\"async\" width=\"800\" height=\"533\" src=\"https:\/\/speedcars4rent.ch\/wordpress\/wp-content\/uploads\/2022\/02\/small_R8_Spyder_GT-AF190-135.jpg\" alt=\"\" class=\"wp-image-292\" srcset=\"https:\/\/speedcars4rent.ch\/wordpress\/wp-content\/uploads\/2022\/02\/small_R8_Spyder_GT-AF190-135.jpg 800w, https:\/\/speedcars4rent.ch\/wordpress\/wp-content\/uploads\/2022\/02\/small_R8_Spyder_GT-AF190-135-300x200.jpg 300w, https:\/\/speedcars4rent.ch\/wordpress\/wp-content\/uploads\/2022\/02\/small_R8_Spyder_GT-AF190-135-768x512.jpg 768w\" sizes=\"(max-width: 767px) 89vw, (max-width: 1000px) 54vw, (max-width: 1071px) 543px, 580px\" \/><figcaption>Audi R8 Spyder GT<\/figcaption><\/figure>\n\n\n\n<p class=\"has-text-align-center\">min 3h, ab 350.-<\/p>\n\n\n\n<div class=\"wp-block-buttons is-layout-flex wp-block-buttons-is-layout-flex\">\n<div class=\"wp-block-button aligncenter\"><a class=\"wp-block-button__link\" href=\"https:\/\/speedcars4rent.ch\/wordpress\/index.php\/mietpreise-fur-audi-r8-spyder-gt-limited-edition\/\">Preisbeispiele<\/a><\/div>\n<\/div>\n<\/div>\n\n\n\n<div class=\"wp-block-column is-layout-flow wp-block-column-is-layout-flow\">\n<figure class=\"wp-block-image size-full\"><img decoding=\"async\" width=\"800\" height=\"533\" src=\"https:\/\/speedcars4rent.ch\/wordpress\/wp-content\/uploads\/2022\/02\/small_Tesla-AF-399-013.jpg\" alt=\"\" class=\"wp-image-290\" srcset=\"https:\/\/speedcars4rent.ch\/wordpress\/wp-content\/uploads\/2022\/02\/small_Tesla-AF-399-013.jpg 800w, https:\/\/speedcars4rent.ch\/wordpress\/wp-content\/uploads\/2022\/02\/small_Tesla-AF-399-013-300x200.jpg 300w, https:\/\/speedcars4rent.ch\/wordpress\/wp-content\/uploads\/2022\/02\/small_Tesla-AF-399-013-768x512.jpg 768w\" sizes=\"(max-width: 767px) 89vw, (max-width: 1000px) 54vw, (max-width: 1071px) 543px, 580px\" \/><figcaption>Tesla Model S 90D<\/figcaption><\/figure>\n\n\n\n<p class=\"has-text-align-center\">min 6h, ab 250.-<\/p>\n\n\n\n<div class=\"wp-block-buttons is-layout-flex wp-block-buttons-is-layout-flex\">\n<div class=\"wp-block-button aligncenter\"><a class=\"wp-block-button__link\" href=\"https:\/\/speedcars4rent.ch\/wordpress\/index.php\/mietpreise-fuer-tesla-model-s-90d\/\">Preisbeispiele<\/a><\/div>\n<\/div>\n<\/div>\n\n\n\n<div class=\"wp-block-column is-layout-flow wp-block-column-is-layout-flow\">\n<figure class=\"wp-block-image size-full\"><img decoding=\"async\" width=\"800\" height=\"533\" src=\"https:\/\/speedcars4rent.ch\/wordpress\/wp-content\/uploads\/2022\/02\/small_Elise111S-AF190-114.jpg\" alt=\"\" class=\"wp-image-291\" srcset=\"https:\/\/speedcars4rent.ch\/wordpress\/wp-content\/uploads\/2022\/02\/small_Elise111S-AF190-114.jpg 800w, https:\/\/speedcars4rent.ch\/wordpress\/wp-content\/uploads\/2022\/02\/small_Elise111S-AF190-114-300x200.jpg 300w, https:\/\/speedcars4rent.ch\/wordpress\/wp-content\/uploads\/2022\/02\/small_Elise111S-AF190-114-768x512.jpg 768w\" sizes=\"(max-width: 767px) 89vw, (max-width: 1000px) 54vw, (max-width: 1071px) 543px, 580px\" \/><figcaption>Lotus Elise 111S MK1<\/figcaption><\/figure>\n\n\n\n<p class=\"has-text-align-center\">min 6h, ab 250.-<\/p>\n\n\n\n<div class=\"wp-block-buttons is-layout-flex wp-block-buttons-is-layout-flex\">\n<div class=\"wp-block-button aligncenter\"><a class=\"wp-block-button__link\" href=\"https:\/\/speedcars4rent.ch\/wordpress\/index.php\/mietpreise-fuer-lotus-elise-mk1-111s\/\">Preisbeispiele<\/a><\/div>\n<\/div>\n<\/div>\n<\/div>\n\n\n\n<p class=\"has-text-align-center\">Sie finden kein passendes Angebot? Z\u00f6gern Sie nicht und fragen Sie uns unverbindlich an:<\/p>\n\n\n\n<div class=\"wp-block-buttons is-layout-flex wp-block-buttons-is-layout-flex\">\n<div class=\"wp-block-button aligncenter\"><a class=\"wp-block-button__link\">Preis anfragen<\/a><\/div>\n<\/div>\n","protected":false},"excerpt":{"rendered":"<p>Wir berechnen den Preis ihren Bed\u00fcrfnissen entsprechend. So kann ein Fahrzeug f\u00fcr einen ganzen Tag nicht viel mehr oder sogar weniger kosten als f\u00fcr z.B. 6h mit unbeschr\u00e4nkten Kilometern. min 3h, ab 350.- min 6h, ab 250.- min 6h, ab 250.- Sie finden kein passendes Angebot? Z\u00f6gern Sie nicht und fragen Sie uns unverbindlich an:<\/p>\n","protected":false},"author":1,"featured_media":201,"parent":0,"menu_order":0,"comment_status":"closed","ping_status":"closed","template":"","meta":{"_eb_attr":"","footnotes":""},"class_list":["post-296","page","type-page","status-publish","has-post-thumbnail","hentry"],"_links":{"self":[{"href":"https:\/\/speedcars4rent.ch\/wordpress\/index.php\/wp-json\/wp\/v2\/pages\/296","targetHints":{"allow":["GET"]}}],"collection":[{"href":"https:\/\/speedcars4rent.ch\/wordpress\/index.php\/wp-json\/wp\/v2\/pages"}],"about":[{"href":"https:\/\/speedcars4rent.ch\/wordpress\/index.php\/wp-json\/wp\/v2\/types\/page"}],"author":[{"embeddable":true,"href":"https:\/\/speedcars4rent.ch\/wordpress\/index.php\/wp-json\/wp\/v2\/users\/1"}],"replies":[{"embeddable":true,"href":"https:\/\/speedcars4rent.ch\/wordpress\/index.php\/wp-json\/wp\/v2\/comments?post=296"}],"version-history":[{"count":3,"href":"https:\/\/speedcars4rent.ch\/wordpress\/index.php\/wp-json\/wp\/v2\/pages\/296\/revisions"}],"predecessor-version":[{"id":302,"href":"https:\/\/speedcars4rent.ch\/wordpress\/index.php\/wp-json\/wp\/v2\/pages\/296\/revisions\/302"}],"wp:featuredmedia":[{"embeddable":true,"href":"https:\/\/speedcars4rent.ch\/wordpress\/index.php\/wp-json\/wp\/v2\/media\/201"}],"wp:attachment":[{"href":"https:\/\/speedcars4rent.ch\/wordpress\/index.php\/wp-json\/wp\/v2\/media?parent=296"}],"curies":[{"name":"wp","href":"https:\/\/api.w.org\/{rel}","templated":true}]}}